{"id":6,"date":"2024-03-24T11:52:58","date_gmt":"2024-03-24T10:52:58","guid":{"rendered":"http:\/\/klimatredo.se\/?page_id=6"},"modified":"2024-05-31T12:01:21","modified_gmt":"2024-05-31T10:01:21","slug":"valkommen-till-klimatredo","status":"publish","type":"page","link":"https:\/\/klimatredo.se\/","title":{"rendered":"Klimatredo"},"content":{"rendered":"\n<div class=\"wp-block-group alignfull has-background has-global-padding is-layout-constrained wp-container-core-group-is-layout-669513ed wp-block-group-is-layout-constrained\" style=\"background-color:#c5dff7;margin-top:0;margin-bottom:0;padding-top:var(--wp--preset--spacing--50);padding-right:var(--wp--preset--spacing--50);padding-bottom:var(--wp--preset--spacing--50);padding-left:var(--wp--preset--spacing--50)\">\n<div class=\"wp-block-columns alignwide is-layout-flex wp-container-core-columns-is-layout-1da03c2a wp-block-columns-is-layout-flex\">\n<div class=\"wp-block-column is-vertically-aligned-stretch is-layout-flow wp-block-column-is-layout-flow\" style=\"flex-basis:50%\">\n<div class=\"wp-block-group is-vertical is-content-justification-center is-layout-flex wp-container-core-group-is-layout-b6c1f246 wp-block-group-is-layout-flex\" style=\"min-height:100%\">\n<p class=\"has-text-align-left has-heading-font-family\" style=\"font-size:clamp(2.156rem, 2.156rem + ((1vw - 0.2rem) * 2.907), 3.9rem);line-height:1.2\">\u00c4r ni redo att bli klimatredo?<br><br><\/p>\n\n\n\n<p class=\"has-text-align-left\" style=\"font-size:clamp(1.092rem, 1.092rem + ((1vw - 0.2rem) * 1.013), 1.7rem);\">Det \u00e4r billigare att agera \u00e4n att reagera. <br>Jag hj\u00e4lper er till kostnadseffektiva h\u00e5llbara \u00e5tg\u00e4rder anpassade till klimatf\u00f6r\u00e4ndringen.<\/p>\n\n\n\n<div class=\"wp-block-group has-global-padding is-content-justification-left is-layout-constrained wp-container-core-group-is-layout-9fe8ed88 wp-block-group-is-layout-constrained\">\n<div class=\"wp-block-buttons is-content-justification-left is-layout-flex wp-container-core-buttons-is-layout-fc4fd283 wp-block-buttons-is-layout-flex\">\n<div class=\"wp-block-button\"><a class=\"wp-block-button__link has-text-align-left wp-element-button\" href=\"http:\/\/klimatredo.se\/index.php\/om-klimatredo\/\">Om Klimatredo<\/a><\/div>\n<\/div>\n<\/div>\n<\/div>\n<\/div>\n\n\n\n<div class=\"wp-block-column is-vertically-aligned-center is-layout-flow wp-block-column-is-layout-flow\" style=\"flex-basis:50%\">\n<figure class=\"wp-block-image size-full is-style-rounded is-style-rounded--1\"><img loading=\"lazy\" decoding=\"async\" width=\"470\" height=\"351\" src=\"http:\/\/klimatredo.se\/wp-content\/uploads\/2024\/03\/Massvagen-e1711371905518.jpg\" alt=\"\" class=\"wp-image-61\" srcset=\"https:\/\/klimatredo.se\/wp-content\/uploads\/2024\/03\/Massvagen-e1711371905518.jpg 470w, https:\/\/klimatredo.se\/wp-content\/uploads\/2024\/03\/Massvagen-e1711371905518-300x224.jpg 300w\" sizes=\"auto, (max-width: 470px) 100vw, 470px\" \/><\/figure>\n<\/div>\n<\/div>\n<\/div>\n\n\n\n<div class=\"wp-block-group alignfull has-base-background-color has-background has-global-padding is-layout-constrained wp-container-core-group-is-layout-d89aad35 wp-block-group-is-layout-constrained\" style=\"margin-top:0;margin-bottom:0;padding-top:var(--wp--preset--spacing--50);padding-right:var(--wp--preset--spacing--50);padding-bottom:var(--wp--preset--spacing--50);padding-left:var(--wp--preset--spacing--50)\">\n<div class=\"wp-block-group alignwide has-global-padding is-layout-constrained wp-block-group-is-layout-constrained\">\n<div class=\"wp-block-columns alignwide is-layout-flex wp-container-core-columns-is-layout-549b0c86 wp-block-columns-is-layout-flex\">\n<div class=\"wp-block-column has-global-padding is-content-justification-left is-layout-constrained wp-container-core-column-is-layout-4f15e8fe wp-block-column-is-layout-constrained\" style=\"flex-basis:40%\">\n<p><\/p>\n\n\n\n<figure class=\"wp-block-image size-large is-resized\"><img loading=\"lazy\" decoding=\"async\" width=\"768\" height=\"1024\" src=\"http:\/\/klimatredo.se\/wp-content\/uploads\/2024\/03\/portratt-768x1024.jpg\" alt=\"\" class=\"wp-image-81\" style=\"aspect-ratio:3\/4;object-fit:cover;width:auto;height:500px\" srcset=\"https:\/\/klimatredo.se\/wp-content\/uploads\/2024\/03\/portratt-768x1024.jpg 768w, https:\/\/klimatredo.se\/wp-content\/uploads\/2024\/03\/portratt-225x300.jpg 225w, https:\/\/klimatredo.se\/wp-content\/uploads\/2024\/03\/portratt-1152x1536.jpg 1152w, https:\/\/klimatredo.se\/wp-content\/uploads\/2024\/03\/portratt-1536x2048.jpg 1536w, https:\/\/klimatredo.se\/wp-content\/uploads\/2024\/03\/portratt-scaled.jpg 1920w\" sizes=\"auto, (max-width: 768px) 100vw, 768px\" \/><\/figure>\n<\/div>\n\n\n\n<div class=\"wp-block-column is-layout-flow wp-container-core-column-is-layout-119bc444 wp-block-column-is-layout-flow\" style=\"flex-basis:60%\">\n<p class=\"has-text-align-left has-heading-font-family has-x-large-font-size\" style=\"line-height:1.2\">G\u00e5 fr\u00e5n r\u00e4dd till beredd!<br>Klimatanpassning inneb\u00e4r att <br>anpassa sig till de klimatf\u00f6r\u00e4ndringar som samh\u00e4llet inte kan motverka.<\/p>\n\n\n\n<div class=\"wp-block-columns is-layout-flex wp-container-core-columns-is-layout-87beb0d0 wp-block-columns-is-layout-flex\">\n<div class=\"wp-block-column is-layout-flow wp-block-column-is-layout-flow\">\n<p class=\"wp-container-content-9cfa9a5a\">Det handlar om en enda sak. <br>Sista raden i ekonomirapporten. <br>Nu. Och i framtiden.<\/p>\n\n\n\n<p class=\"wp-container-content-9cfa9a5a\"><\/p>\n<\/div>\n\n\n\n<div class=\"wp-block-column is-layout-flow wp-block-column-is-layout-flow\">\n<p class=\"has-medium-font-size\">Med 10 \u00e5rs erfarenhet av strategiskt och systematiskt klimatanpassningsarbete vet jag vad som fungerar och kan hj\u00e4lpa er d\u00e4r ni \u00e4r. <\/p>\n\n\n\n<p><\/p>\n<\/div>\n<\/div>\n<\/div>\n<\/div>\n<\/div>\n<\/div>\n\n\n\n<div class=\"wp-block-group alignfull has-accent-4-background-color has-background is-vertical is-content-justification-center is-nowrap is-layout-flex wp-container-core-group-is-layout-1659c3f1 wp-block-group-is-layout-flex\" style=\"margin-top:0;margin-bottom:0;padding-top:var(--wp--preset--spacing--50);padding-right:var(--wp--preset--spacing--50);padding-bottom:var(--wp--preset--spacing--50);padding-left:var(--wp--preset--spacing--50)\">\n<div class=\"wp-block-group alignwide has-global-padding is-layout-constrained wp-block-group-is-layout-constrained\">\n<div class=\"wp-block-group alignwide has-global-padding is-layout-constrained wp-block-group-is-layout-constrained\">\n<div class=\"wp-block-group is-layout-flow wp-block-group-is-layout-flow\">\n<div class=\"wp-block-columns are-vertically-aligned-center is-not-stacked-on-mobile is-layout-flex wp-container-core-columns-is-layout-28f84493 wp-block-columns-is-layout-flex\">\n<div class=\"wp-block-column is-vertically-aligned-center is-layout-flow wp-block-column-is-layout-flow\" style=\"flex-basis:100%\">\n<div class=\"wp-block-group alignwide has-global-padding is-layout-constrained wp-block-group-is-layout-constrained\">\n<div class=\"wp-block-group alignwide has-global-padding is-layout-constrained wp-block-group-is-layout-constrained\">\n<h2 class=\"wp-block-heading has-text-align-center\">Jag v\u00e4gleder er genom arbetet<\/h2>\n\n\n\n<p class=\"has-text-align-center\">Klimatanpassning \u00e4r en processfr\u00e5ga som p\u00e5g\u00e5r kontinuerligt, och som ofta kostar pengar. Dyrast \u00e4r det n\u00e4r n\u00e5got h\u00e4nder som ger skada p\u00e5 er verksamhet eller fastighet, och mest kostnadseffektivt \u00e4r det med en systematisk process som identifierar r\u00e4tt \u00e5tg\u00e4rder p\u00e5 r\u00e4tt plats. Jag hj\u00e4lper er med den analysen!<\/p>\n\n\n\n<div class=\"wp-block-buttons alignfull is-content-justification-center is-layout-flex wp-container-core-buttons-is-layout-a89b3969 wp-block-buttons-is-layout-flex\">\n<div class=\"wp-block-button\"><a class=\"wp-block-button__link has-text-align-center wp-element-button\" href=\"http:\/\/klimatredo.se\/index.php\/mina-tjanster\/\" target=\"_blank\" rel=\"noreferrer noopener\">Mina tj\u00e4nster<\/a><\/div>\n<\/div>\n<\/div>\n<\/div>\n<\/div>\n<\/div>\n<\/div>\n<\/div>\n<\/div>\n\n\n\n<p><\/p>\n<\/div>\n\n\n\n<p><\/p>\n\n\n\n<p><\/p>\n","protected":false},"excerpt":{"rendered":"<p>\u00c4r ni redo att bli klimatredo? Det \u00e4r billigare att agera \u00e4n att reagera. Jag hj\u00e4lper er till kostnadseffektiva h\u00e5llbara \u00e5tg\u00e4rder anpassade till klimatf\u00f6r\u00e4ndringen. G\u00e5 fr\u00e5n r\u00e4dd till beredd!Klimatanpassning inneb\u00e4r att anpassa sig till de klimatf\u00f6r\u00e4ndringar som samh\u00e4llet inte kan motverka. Det handlar om en enda sak. Sista raden i ekonomirapporten. Nu. Och i framtiden. [&hellip;]<\/p>\n","protected":false},"author":1,"featured_media":0,"parent":0,"menu_order":0,"comment_status":"closed","ping_status":"closed","template":"","meta":{"footnotes":""},"class_list":["post-6","page","type-page","status-publish","hentry"],"jetpack_sharing_enabled":true,"_links":{"self":[{"href":"https:\/\/klimatredo.se\/index.php\/wp-json\/wp\/v2\/pages\/6","targetHints":{"allow":["GET"]}}],"collection":[{"href":"https:\/\/klimatredo.se\/index.php\/wp-json\/wp\/v2\/pages"}],"about":[{"href":"https:\/\/klimatredo.se\/index.php\/wp-json\/wp\/v2\/types\/page"}],"author":[{"embeddable":true,"href":"https:\/\/klimatredo.se\/index.php\/wp-json\/wp\/v2\/users\/1"}],"replies":[{"embeddable":true,"href":"https:\/\/klimatredo.se\/index.php\/wp-json\/wp\/v2\/comments?post=6"}],"version-history":[{"count":38,"href":"https:\/\/klimatredo.se\/index.php\/wp-json\/wp\/v2\/pages\/6\/revisions"}],"predecessor-version":[{"id":143,"href":"https:\/\/klimatredo.se\/index.php\/wp-json\/wp\/v2\/pages\/6\/revisions\/143"}],"wp:attachment":[{"href":"https:\/\/klimatredo.se\/index.php\/wp-json\/wp\/v2\/media?parent=6"}],"curies":[{"name":"wp","href":"https:\/\/api.w.org\/{rel}","templated":true}]}}