{"id":29,"date":"2024-03-24T15:24:58","date_gmt":"2024-03-24T14:24:58","guid":{"rendered":"http:\/\/klimatredo.se\/?page_id=29"},"modified":"2024-04-11T18:43:22","modified_gmt":"2024-04-11T16:43:22","slug":"om-klimatredo","status":"publish","type":"page","link":"https:\/\/klimatredo.se\/index.php\/om-klimatredo\/","title":{"rendered":"Om Klimatredo"},"content":{"rendered":"\n<div class=\"wp-block-group alignfull has-global-padding is-layout-constrained wp-container-core-group-is-layout-d89aad35 wp-block-group-is-layout-constrained\" style=\"margin-top:0;margin-bottom:0;padding-top:var(--wp--preset--spacing--50);padding-right:var(--wp--preset--spacing--50);padding-bottom:var(--wp--preset--spacing--50);padding-left:var(--wp--preset--spacing--50)\">\n<div class=\"wp-block-group alignwide has-global-padding is-layout-constrained wp-container-core-group-is-layout-19e250f3 wp-block-group-is-layout-constrained\">\n<div class=\"wp-block-columns alignwide is-layout-flex wp-container-core-columns-is-layout-d1c656ed wp-block-columns-is-layout-flex\">\n<div class=\"wp-block-column is-vertically-aligned-center is-layout-flow wp-block-column-is-layout-flow\" style=\"flex-basis:40%\">\n<p class=\"has-text-align-left\">Under mina tio \u00e5r som klimatanpassningssamordnare har jag sett hur samh\u00e4llet i stort hanterat klimatf\u00f6r\u00e4ndringen p\u00e5 ett oeffektivt s\u00e4tt. Min starka \u00f6vertygelse efter 10 \u00e5r p\u00e5 L\u00e4nsstyrelsen i J\u00f6nk\u00f6ping \u00e4r att det beror p\u00e5 att m\u00e5nga ofta agerar reaktivt och f\u00f6r snabbt. \u00c5tg\u00e4rder s\u00e4tts in p\u00e5 det senaste skyfallet eller den senaste v\u00e4rmeb\u00f6ljan, och eftersom analysen g\u00e5r alldeles f\u00f6r fort och \u00e4r f\u00f6r smal blir det kostsamt. Mycket kostsamt. Det blir l\u00e4tt tekniska l\u00f6sningar, som bara adresserar ett av m\u00e5nga problem. Jag vet hur vi ska g\u00f6ra ist\u00e4llet!<\/p>\n\n\n\n<p><\/p>\n\n\n\n<p class=\"has-text-align-left\">Jag har st\u00f6ttat n\u00e4ringsliv och offentlig sektor i helhets- och detaljfr\u00e5gor inom \u00e4mnet. Min styrka \u00e4r att p\u00e5 ett pedagogiskt och fram\u00e5tdrivande s\u00e4tt st\u00f6dja i det strategiska och systematiska klimatarbetet f\u00f6r olika typer av verksamheter. De f\u00f6rel\u00e4sningar jag h\u00e5ller och de processer jag \u00e4r delaktig i \u00e4r mycket uppskattade! <\/p>\n<\/div>\n\n\n\n<div class=\"wp-block-column is-layout-flow wp-block-column-is-layout-flow\" style=\"flex-basis:50%\">\n<figure class=\"wp-block-image size-large is-style-rounded is-style-rounded--1\"><img loading=\"lazy\" decoding=\"async\" width=\"768\" height=\"1024\" src=\"http:\/\/klimatredo.se\/wp-content\/uploads\/2024\/03\/portratt-768x1024.jpg\" alt=\"\" class=\"wp-image-81\" style=\"aspect-ratio:3\/4;object-fit:cover\" srcset=\"https:\/\/klimatredo.se\/wp-content\/uploads\/2024\/03\/portratt-768x1024.jpg 768w, https:\/\/klimatredo.se\/wp-content\/uploads\/2024\/03\/portratt-225x300.jpg 225w, https:\/\/klimatredo.se\/wp-content\/uploads\/2024\/03\/portratt-1152x1536.jpg 1152w, https:\/\/klimatredo.se\/wp-content\/uploads\/2024\/03\/portratt-1536x2048.jpg 1536w, https:\/\/klimatredo.se\/wp-content\/uploads\/2024\/03\/portratt-scaled.jpg 1920w\" sizes=\"auto, (max-width: 768px) 100vw, 768px\" \/><\/figure>\n<\/div>\n<\/div>\n<\/div>\n<\/div>\n\n\n\n<div class=\"wp-block-group alignfull has-background has-global-padding is-layout-constrained wp-container-core-group-is-layout-669513ed wp-block-group-is-layout-constrained\" style=\"background-color:#c7d9f0;margin-top:0;margin-bottom:0;padding-top:var(--wp--preset--spacing--50);padding-right:var(--wp--preset--spacing--50);padding-bottom:var(--wp--preset--spacing--50);padding-left:var(--wp--preset--spacing--50)\">\n<div style=\"margin-top:0;margin-bottom:0;height:var(--wp--preset--spacing--40)\" aria-hidden=\"true\" class=\"wp-block-spacer\"><\/div>\n\n\n\n<h2 class=\"wp-block-heading\">F\u00f6ljande \u00e5terkoppling kommer fr\u00e5n samarbetsparter i tidigare projekt och roller.<\/h2>\n\n\n\n<div class=\"wp-block-columns alignwide is-layout-flex wp-container-core-columns-is-layout-d0bbbce0 wp-block-columns-is-layout-flex\">\n<div class=\"wp-block-column is-layout-flow wp-container-core-column-is-layout-e3d1c41b wp-block-column-is-layout-flow\">\n<h3 class=\"wp-block-heading has-text-align-left is-style-asterisk has-body-font-family has-medium-font-size\" style=\"font-style:normal;font-weight:600\">&#8221;Tack f\u00f6r goda samarbeten! Det \u00e4r mycket jag uppskattat med det. Trevligt och med fokus p\u00e5 fram\u00e5tdrift&#8221;<\/h3>\n\n\n\n<p class=\"has-text-align-left\">Omd\u00f6me efter flera projekt genomf\u00f6rda 2020-2022 <\/p>\n<\/div>\n\n\n\n<div class=\"wp-block-column is-layout-flow wp-container-core-column-is-layout-e3d1c41b wp-block-column-is-layout-flow\">\n<h3 class=\"wp-block-heading has-text-align-left is-style-asterisk has-body-font-family has-medium-font-size\" style=\"font-style:normal;font-weight:600\">&#8221;Du \u00e4r kunnig och energisk. Dessutom \u00e4r du oerh\u00f6rt l\u00e4ttsam och trevlig som person. Hade det inte varit f\u00f6r dig hade jag hoppat av f\u00f6r l\u00e4nge sedan. Tack f\u00f6r all kunskap du gett mig&#8221; <\/h3>\n\n\n\n<p class=\"has-text-align-left\">Omd\u00f6me efter l\u00e4ngre process 2015-2023<\/p>\n<\/div>\n\n\n\n<div class=\"wp-block-column is-layout-flow wp-container-core-column-is-layout-e3d1c41b wp-block-column-is-layout-flow\">\n<h3 class=\"wp-block-heading has-text-align-left is-style-asterisk has-body-font-family has-medium-font-size\" style=\"font-style:normal;font-weight:600\">&#8221;Du f\u00f6rklarar s\u00e5 illustrativt och l\u00e4ttf\u00f6rst\u00e5eligt. Metaforen med att l\u00e4gga pussel \u00e4r s\u00e5 talande f\u00f6r det h\u00e4r \u00e4mnet!&#8221; <\/h3>\n\n\n\n<p class=\"has-text-align-left\">Omd\u00f6me efter genomf\u00f6rd process 2015-2024<\/p>\n<\/div>\n<\/div>\n\n\n\n<div style=\"height:var(--wp--preset--spacing--20)\" aria-hidden=\"true\" class=\"wp-block-spacer\"><\/div>\n\n\n\n<div class=\"wp-block-columns alignwide is-layout-flex wp-container-core-columns-is-layout-d0bbbce0 wp-block-columns-is-layout-flex\">\n<div class=\"wp-block-column is-layout-flow wp-container-core-column-is-layout-e3d1c41b wp-block-column-is-layout-flow\">\n<h3 class=\"wp-block-heading has-text-align-left is-style-asterisk has-body-font-family has-medium-font-size\" style=\"font-style:normal;font-weight:600\">&#8221;Vi kommer sakna dig och dina kloka inspel i v\u00e5ra framtida diskussioner&#8221; <\/h3>\n\n\n\n<p class=\"has-text-align-left\">Omd\u00f6me efter l\u00e4ngre process 2015-2024<\/p>\n<\/div>\n\n\n\n<div class=\"wp-block-column is-layout-flow wp-container-core-column-is-layout-e3d1c41b wp-block-column-is-layout-flow\">\n<h3 class=\"wp-block-heading has-text-align-left is-style-asterisk has-body-font-family has-medium-font-size\" style=\"font-style:normal;font-weight:600\">&#8221;Du har varit s\u00e5 v\u00e4rdefull f\u00f6r den h\u00e4r processen!&#8221;<\/h3>\n\n\n\n<p class=\"has-text-align-left\">Omd\u00f6me efter en kortare process 2023<\/p>\n<\/div>\n\n\n\n<div class=\"wp-block-column is-layout-flow wp-container-core-column-is-layout-e3d1c41b wp-block-column-is-layout-flow\">\n<h3 class=\"wp-block-heading has-text-align-left is-style-asterisk has-body-font-family has-medium-font-size\" style=\"font-style:normal;font-weight:600\">&#8221;Det m\u00e4rks att du kan ditt \u00e4mne. Det h\u00e4r borde fler h\u00f6ra&#8221; <\/h3>\n\n\n\n<p class=\"has-text-align-left\">Omd\u00f6me efter f\u00f6rel\u00e4sning om klimateffekterna Varmare och Bl\u00f6tare f\u00f6r ett bostadsbolag, h\u00f6sten 2023<\/p>\n<\/div>\n<\/div>\n<\/div>\n\n\n\n<div class=\"wp-block-group alignfull has-base-background-color has-background has-global-padding is-layout-constrained wp-container-core-group-is-layout-d89aad35 wp-block-group-is-layout-constrained\" style=\"margin-top:0;margin-bottom:0;padding-top:var(--wp--preset--spacing--50);padding-right:var(--wp--preset--spacing--50);padding-bottom:var(--wp--preset--spacing--50);padding-left:var(--wp--preset--spacing--50)\">\n<div class=\"wp-block-group alignwide has-global-padding is-layout-constrained wp-container-core-group-is-layout-19e250f3 wp-block-group-is-layout-constrained\">\n<div class=\"wp-block-columns alignwide is-layout-flex wp-container-core-columns-is-layout-d1c656ed wp-block-columns-is-layout-flex\">\n<div class=\"wp-block-column is-vertically-aligned-center is-layout-flow wp-block-column-is-layout-flow\" style=\"flex-basis:40%\">\n<h2 class=\"wp-block-heading\">Min utbildning<\/h2>\n\n\n\n<ul class=\"wp-block-list\">\n<li>Masterexamen i utbildningen Till\u00e4mpad Klimatstrategi (Lunds Universitet)<\/li>\n\n\n\n<li>Projektledarkurs (J\u00f6nk\u00f6ping University) <\/li>\n\n\n\n<li>Magisterexamen i utbildningen Milj\u00f6- och utomhuspedagogik (Link\u00f6pings Universitet)<\/li>\n\n\n\n<li>L\u00e4rarexamen med l\u00e4rarlegitimation f\u00f6r \u00e5k 1-5 (G\u00f6teborgs Universitet)<\/li>\n<\/ul>\n<\/div>\n\n\n\n<div class=\"wp-block-column is-layout-flow wp-block-column-is-layout-flow\" style=\"flex-basis:50%\">\n<figure class=\"wp-block-image size-full is-style-rounded is-style-rounded--2\"><img loading=\"lazy\" decoding=\"async\" width=\"470\" height=\"351\" src=\"http:\/\/klimatredo.se\/wp-content\/uploads\/2024\/03\/Massvagen-e1711371905518.jpg\" alt=\"\" class=\"wp-image-61\" srcset=\"https:\/\/klimatredo.se\/wp-content\/uploads\/2024\/03\/Massvagen-e1711371905518.jpg 470w, https:\/\/klimatredo.se\/wp-content\/uploads\/2024\/03\/Massvagen-e1711371905518-300x224.jpg 300w\" sizes=\"auto, (max-width: 470px) 100vw, 470px\" \/><\/figure>\n<\/div>\n<\/div>\n\n\n\n<div style=\"height:var(--wp--preset--spacing--40)\" aria-hidden=\"true\" class=\"wp-block-spacer\"><\/div>\n\n\n\n<div style=\"height:var(--wp--preset--spacing--40)\" aria-hidden=\"true\" class=\"wp-block-spacer\"><\/div>\n<\/div>\n<\/div>\n\n\n\n<div class=\"wp-block-group alignfull has-background has-global-padding is-layout-constrained wp-container-core-group-is-layout-d89aad35 wp-block-group-is-layout-constrained\" style=\"background-color:#c7d9f0;margin-top:0;margin-bottom:0;padding-top:var(--wp--preset--spacing--50);padding-right:var(--wp--preset--spacing--50);padding-bottom:var(--wp--preset--spacing--50);padding-left:var(--wp--preset--spacing--50)\">\n<h2 class=\"wp-block-heading has-text-align-center\">Kontakta mig genom att maila: klimatredo@gmail.com<\/h2>\n<\/div>\n","protected":false},"excerpt":{"rendered":"<p>Under mina tio \u00e5r som klimatanpassningssamordnare har jag sett hur samh\u00e4llet i stort hanterat klimatf\u00f6r\u00e4ndringen p\u00e5 ett oeffektivt s\u00e4tt. Min starka \u00f6vertygelse efter 10 \u00e5r p\u00e5 L\u00e4nsstyrelsen i J\u00f6nk\u00f6ping \u00e4r att det beror p\u00e5 att m\u00e5nga ofta agerar reaktivt och f\u00f6r snabbt. \u00c5tg\u00e4rder s\u00e4tts in p\u00e5 det senaste skyfallet eller den senaste v\u00e4rmeb\u00f6ljan, och eftersom [&hellip;]<\/p>\n","protected":false},"author":1,"featured_media":0,"parent":0,"menu_order":0,"comment_status":"closed","ping_status":"closed","template":"","meta":{"footnotes":""},"class_list":["post-29","page","type-page","status-publish","hentry"],"jetpack_sharing_enabled":true,"_links":{"self":[{"href":"https:\/\/klimatredo.se\/index.php\/wp-json\/wp\/v2\/pages\/29","targetHints":{"allow":["GET"]}}],"collection":[{"href":"https:\/\/klimatredo.se\/index.php\/wp-json\/wp\/v2\/pages"}],"about":[{"href":"https:\/\/klimatredo.se\/index.php\/wp-json\/wp\/v2\/types\/page"}],"author":[{"embeddable":true,"href":"https:\/\/klimatredo.se\/index.php\/wp-json\/wp\/v2\/users\/1"}],"replies":[{"embeddable":true,"href":"https:\/\/klimatredo.se\/index.php\/wp-json\/wp\/v2\/comments?post=29"}],"version-history":[{"count":28,"href":"https:\/\/klimatredo.se\/index.php\/wp-json\/wp\/v2\/pages\/29\/revisions"}],"predecessor-version":[{"id":119,"href":"https:\/\/klimatredo.se\/index.php\/wp-json\/wp\/v2\/pages\/29\/revisions\/119"}],"wp:attachment":[{"href":"https:\/\/klimatredo.se\/index.php\/wp-json\/wp\/v2\/media?parent=29"}],"curies":[{"name":"wp","href":"https:\/\/api.w.org\/{rel}","templated":true}]}}