{"id":131,"date":"2024-05-31T11:52:05","date_gmt":"2024-05-31T09:52:05","guid":{"rendered":"https:\/\/klimatredo.se\/?page_id=131"},"modified":"2024-05-31T11:52:05","modified_gmt":"2024-05-31T09:52:05","slug":"media","status":"publish","type":"page","link":"https:\/\/klimatredo.se\/index.php\/media\/","title":{"rendered":"Media"},"content":{"rendered":"\n<p>Genom \u00e5ren har jag varit i media m\u00e5nga g\u00e5nger. H\u00e4r f\u00e5r du ett axplock. <\/p>\n\n\n\n<div style=\"height:100px\" aria-hidden=\"true\" class=\"wp-block-spacer\"><\/div>\n\n\n\n<div class=\"wp-block-group alignfull has-accent-background-color has-background has-global-padding is-layout-constrained wp-container-core-group-is-layout-669513ed wp-block-group-is-layout-constrained\" style=\"margin-top:0;margin-bottom:0;padding-top:var(--wp--preset--spacing--50);padding-right:var(--wp--preset--spacing--50);padding-bottom:var(--wp--preset--spacing--50);padding-left:var(--wp--preset--spacing--50)\">\n<div class=\"wp-block-columns alignwide is-layout-flex wp-container-core-columns-is-layout-1da03c2a wp-block-columns-is-layout-flex\">\n<div class=\"wp-block-column is-vertically-aligned-stretch is-layout-flow wp-block-column-is-layout-flow\" style=\"flex-basis:50%\">\n<div class=\"wp-block-group is-vertical is-content-justification-stretch is-layout-flex wp-container-core-group-is-layout-444d5ee8 wp-block-group-is-layout-flex\" style=\"min-height:100%\">\n<p class=\"has-heading-font-family has-x-large-font-size\" style=\"line-height:1.2\">Klimatexperten: Att t\u00f6mma V\u00e4ttern p\u00e5 vatten \u00e4r inte hela l\u00f6sningen<\/p>\n\n\n\n<p>Sveriges Radio P4 J\u00f6nk\u00f6ping maj 2024<\/p>\n\n\n\n<p>\u2013Men det \u00e4r inte hela l\u00f6sningen. Ist\u00e4llet beh\u00f6vs en hel palett av \u00e5tg\u00e4rder., menar Frida Moberg, tidigare klimatanpassningssamordnare p\u00e5 l\u00e4nsstyrelsen. <\/p>\n\n\n\n<div class=\"wp-block-group has-global-padding is-layout-constrained wp-block-group-is-layout-constrained\">\n<div class=\"wp-block-buttons is-layout-flex wp-block-buttons-is-layout-flex\">\n<div class=\"wp-block-button\"><a class=\"wp-block-button__link wp-element-button\" href=\"https:\/\/sverigesradio.se\/artikel\/klimatexperten-att-tomma-vattern-pa-vatten-ar-inte-hela-losningen\">L\u00e4s mer<\/a><\/div>\n<\/div>\n<\/div>\n\n\n\n<p><\/p>\n<\/div>\n<\/div>\n\n\n\n<div class=\"wp-block-column is-vertically-aligned-center is-layout-flow wp-block-column-is-layout-flow\" style=\"flex-basis:50%\">\n<figure class=\"wp-block-image size-full is-style-rounded is-style-rounded--1\"><img loading=\"lazy\" decoding=\"async\" width=\"1024\" height=\"576\" src=\"https:\/\/klimatredo.se\/wp-content\/uploads\/2024\/05\/302120d7-c748-496f-9559-f373c6e5c66d.webp\" alt=\"\" class=\"wp-image-135\" style=\"aspect-ratio:4\/3;object-fit:cover\" srcset=\"https:\/\/klimatredo.se\/wp-content\/uploads\/2024\/05\/302120d7-c748-496f-9559-f373c6e5c66d.webp 1024w, https:\/\/klimatredo.se\/wp-content\/uploads\/2024\/05\/302120d7-c748-496f-9559-f373c6e5c66d-300x169.webp 300w, https:\/\/klimatredo.se\/wp-content\/uploads\/2024\/05\/302120d7-c748-496f-9559-f373c6e5c66d-768x432.webp 768w\" sizes=\"auto, (max-width: 1024px) 100vw, 1024px\" \/><\/figure>\n<\/div>\n<\/div>\n<\/div>\n\n\n\n<div style=\"height:100px\" aria-hidden=\"true\" class=\"wp-block-spacer\"><\/div>\n\n\n\n<div class=\"wp-block-group alignfull has-accent-background-color has-background has-global-padding is-layout-constrained wp-container-core-group-is-layout-669513ed wp-block-group-is-layout-constrained\" style=\"margin-top:0;margin-bottom:0;padding-top:var(--wp--preset--spacing--50);padding-right:var(--wp--preset--spacing--50);padding-bottom:var(--wp--preset--spacing--50);padding-left:var(--wp--preset--spacing--50)\">\n<div class=\"wp-block-columns alignwide is-layout-flex wp-container-core-columns-is-layout-1da03c2a wp-block-columns-is-layout-flex\">\n<div class=\"wp-block-column is-vertically-aligned-stretch is-layout-flow wp-block-column-is-layout-flow\" style=\"flex-basis:50%\">\n<div class=\"wp-block-group is-vertical is-content-justification-stretch is-layout-flex wp-container-core-group-is-layout-444d5ee8 wp-block-group-is-layout-flex\" style=\"min-height:100%\">\n<p class=\"has-heading-font-family has-x-large-font-size\" style=\"line-height:1.2\">Fem experter: S\u00e5 \u00e4r livet i J\u00f6nk\u00f6ping \u00e5r 2100<\/p>\n\n\n\n<p>J\u00f6nk\u00f6pings Posten maj 2024<\/p>\n\n\n\n<p>\u2013Hur ser livet ut i J\u00f6nk\u00f6ping \u00e5r 2100? Vad \u00e4ter vi, hur reser vi och hur har klimatf\u00f6r\u00e4ndringarna p\u00e5verkat oss? Vi fr\u00e5gade flera experter och forskare inom omr\u00e5det f\u00f6r att f\u00e5 en bild av hur vardagen kan se ut om 76 \u00e5r.<\/p>\n\n\n\n<div class=\"wp-block-group has-global-padding is-layout-constrained wp-block-group-is-layout-constrained\">\n<div class=\"wp-block-buttons is-layout-flex wp-block-buttons-is-layout-flex\">\n<div class=\"wp-block-button\"><a class=\"wp-block-button__link wp-element-button\" href=\"https:\/\/www.jp.se\/2024-05-02\/fem-experter-sa-ar-livet-i-jonkoping-ar-2100\/\">L\u00e4s mer<\/a><\/div>\n<\/div>\n<\/div>\n\n\n\n<p><\/p>\n<\/div>\n<\/div>\n\n\n\n<div class=\"wp-block-column is-vertically-aligned-center is-layout-flow wp-block-column-is-layout-flow\" style=\"flex-basis:50%\">\n<figure class=\"wp-block-image size-full is-style-rounded is-style-rounded--2\"><img loading=\"lazy\" decoding=\"async\" width=\"980\" height=\"551\" src=\"https:\/\/klimatredo.se\/wp-content\/uploads\/2024\/05\/1142dda8-0e64-4c33-8081-1b590a908075-1.jpeg\" alt=\"\" class=\"wp-image-138\" style=\"aspect-ratio:4\/3;object-fit:cover\" srcset=\"https:\/\/klimatredo.se\/wp-content\/uploads\/2024\/05\/1142dda8-0e64-4c33-8081-1b590a908075-1.jpeg 980w, https:\/\/klimatredo.se\/wp-content\/uploads\/2024\/05\/1142dda8-0e64-4c33-8081-1b590a908075-1-300x169.jpeg 300w, https:\/\/klimatredo.se\/wp-content\/uploads\/2024\/05\/1142dda8-0e64-4c33-8081-1b590a908075-1-768x432.jpeg 768w\" sizes=\"auto, (max-width: 980px) 100vw, 980px\" \/><\/figure>\n<\/div>\n<\/div>\n<\/div>\n\n\n\n<div style=\"height:100px\" aria-hidden=\"true\" class=\"wp-block-spacer\"><\/div>\n\n\n\n<div class=\"wp-block-group alignfull has-accent-5-background-color has-background has-global-padding is-layout-constrained wp-container-core-group-is-layout-d89aad35 wp-block-group-is-layout-constrained\" style=\"margin-top:0;margin-bottom:0;padding-top:var(--wp--preset--spacing--50);padding-right:var(--wp--preset--spacing--50);padding-bottom:var(--wp--preset--spacing--50);padding-left:var(--wp--preset--spacing--50)\">\n<div class=\"wp-block-columns alignwide is-layout-flex wp-container-core-columns-is-layout-1da03c2a wp-block-columns-is-layout-flex\">\n<div class=\"wp-block-column is-vertically-aligned-center is-layout-flow wp-block-column-is-layout-flow\" style=\"flex-basis:60%\">\n<figure class=\"wp-block-image size-full is-style-rounded wp-duotone-unset-4 is-style-rounded--3\"><img loading=\"lazy\" decoding=\"async\" width=\"980\" height=\"551\" src=\"https:\/\/klimatredo.se\/wp-content\/uploads\/2024\/05\/1142dda8-0e64-4c33-8081-1b590a908075.jpeg\" alt=\"\" class=\"wp-image-137\" style=\"aspect-ratio:4\/3;object-fit:cover\" srcset=\"https:\/\/klimatredo.se\/wp-content\/uploads\/2024\/05\/1142dda8-0e64-4c33-8081-1b590a908075.jpeg 980w, https:\/\/klimatredo.se\/wp-content\/uploads\/2024\/05\/1142dda8-0e64-4c33-8081-1b590a908075-300x169.jpeg 300w, https:\/\/klimatredo.se\/wp-content\/uploads\/2024\/05\/1142dda8-0e64-4c33-8081-1b590a908075-768x432.jpeg 768w\" sizes=\"auto, (max-width: 980px) 100vw, 980px\" \/><\/figure>\n<\/div>\n\n\n\n<div class=\"wp-block-column is-layout-flow wp-block-column-is-layout-flow\" style=\"flex-basis:40%\">\n<h1 class=\"wp-block-heading\">\u201dSkulle inte tro att j\u00e4rnv\u00e4gen kan ligga kvar\u201d<\/h1>\n\n\n\n<p>J\u00f6nk\u00f6pings Posten april 2024 <\/p>\n\n\n\n<p>P\u00e5 grund av landh\u00f6jningen i norra delen av V\u00e4ttern \u201dtippar\u201d sj\u00f6n och J\u00f6nk\u00f6ping riskerar att f\u00e5 stora problem med vatten i framtiden.<\/p>\n\n\n\n<p>\u2013 J\u00e4rnv\u00e4gen \u00e4r i v\u00e4gen f\u00f6r vattnet. Jag skulle inte tro att den kan ligga kvar d\u00e4r den ligger i dag, s\u00e4ger Frida Moberg, klimatanpassningskonsult p\u00e5 f\u00f6retaget Klimatredo.<\/p>\n\n\n\n<p><\/p>\n\n\n\n<div class=\"wp-block-buttons is-layout-flex wp-block-buttons-is-layout-flex\">\n<div class=\"wp-block-button\"><a class=\"wp-block-button__link wp-element-button\" href=\"https:\/\/www.jp.se\/2024-04-10\/skulle-inte-tro-att-jarnvagen-kan-ligga-kvar\/\">L\u00e4s mer<\/a><\/div>\n<\/div>\n<\/div>\n<\/div>\n<\/div>\n\n\n\n<div style=\"height:100px\" aria-hidden=\"true\" class=\"wp-block-spacer\"><\/div>\n\n\n\n<div class=\"wp-block-group alignfull has-accent-5-background-color has-background has-global-padding is-layout-constrained wp-container-core-group-is-layout-d89aad35 wp-block-group-is-layout-constrained\" style=\"margin-top:0;margin-bottom:0;padding-top:var(--wp--preset--spacing--50);padding-right:var(--wp--preset--spacing--50);padding-bottom:var(--wp--preset--spacing--50);padding-left:var(--wp--preset--spacing--50)\">\n<div class=\"wp-block-columns alignwide is-layout-flex wp-container-core-columns-is-layout-1da03c2a wp-block-columns-is-layout-flex\">\n<div class=\"wp-block-column is-vertically-aligned-center is-layout-flow wp-block-column-is-layout-flow\" style=\"flex-basis:60%\">\n<figure class=\"wp-block-image size-full is-style-rounded wp-duotone-unset-6 is-style-rounded--5\"><img loading=\"lazy\" decoding=\"async\" width=\"1024\" height=\"576\" src=\"https:\/\/klimatredo.se\/wp-content\/uploads\/2024\/05\/e3661e6b-b95d-41fb-b60d-a94edbc70a14.webp\" alt=\"\" class=\"wp-image-136\" style=\"aspect-ratio:4\/3;object-fit:cover\" srcset=\"https:\/\/klimatredo.se\/wp-content\/uploads\/2024\/05\/e3661e6b-b95d-41fb-b60d-a94edbc70a14.webp 1024w, https:\/\/klimatredo.se\/wp-content\/uploads\/2024\/05\/e3661e6b-b95d-41fb-b60d-a94edbc70a14-300x169.webp 300w, https:\/\/klimatredo.se\/wp-content\/uploads\/2024\/05\/e3661e6b-b95d-41fb-b60d-a94edbc70a14-768x432.webp 768w\" sizes=\"auto, (max-width: 1024px) 100vw, 1024px\" \/><\/figure>\n<\/div>\n\n\n\n<div class=\"wp-block-column is-layout-flow wp-block-column-is-layout-flow\" style=\"flex-basis:40%\">\n<h2 class=\"wp-block-heading\">&#8221;S\u00f6dra V\u00e4tterbygden ett h\u00f6griskomr\u00e5de f\u00f6r jordskred&#8221;<\/h2>\n\n\n\n<p>Sveriges Radio P4 J\u00f6nk\u00f6ping, september 2023<\/p>\n\n\n\n<p>Raset p\u00e5 E6:an i Stenungssund i helgen riktar str\u00e5lkastarljuset mot riskerna f\u00f6r jordskred och ras.<\/p>\n\n\n\n<p>Enligt en lista fr\u00e5n MSB, Myndigheten f\u00f6r samh\u00e4llsskydd och beredskap<strong>,\u00a0<\/strong>l\u00f6per omr\u00e5det kring S\u00f6dra V\u00e4tterbygden h\u00f6gre risk att drabbas av just detta. <\/p>\n\n\n\n<div class=\"wp-block-buttons is-layout-flex wp-block-buttons-is-layout-flex\">\n<div class=\"wp-block-button\"><a class=\"wp-block-button__link wp-element-button\" href=\"https:\/\/sverigesradio.se\/artikel\/msb-varnar-sodra-vatterbygden-ett-hogriskomrade-for-jordskred\">L\u00e4s mer<\/a><\/div>\n<\/div>\n<\/div>\n<\/div>\n<\/div>\n\n\n\n<div style=\"height:100px\" aria-hidden=\"true\" class=\"wp-block-spacer\"><\/div>\n\n\n\n<div class=\"wp-block-group alignfull has-accent-background-color has-background has-global-padding is-layout-constrained wp-container-core-group-is-layout-669513ed wp-block-group-is-layout-constrained\" style=\"margin-top:0;margin-bottom:0;padding-top:var(--wp--preset--spacing--50);padding-right:var(--wp--preset--spacing--50);padding-bottom:var(--wp--preset--spacing--50);padding-left:var(--wp--preset--spacing--50)\">\n<div class=\"wp-block-columns alignwide is-layout-flex wp-container-core-columns-is-layout-1da03c2a wp-block-columns-is-layout-flex\">\n<div class=\"wp-block-column is-vertically-aligned-stretch is-layout-flow wp-block-column-is-layout-flow\" style=\"flex-basis:50%\">\n<div class=\"wp-block-group is-vertical is-content-justification-stretch is-layout-flex wp-container-core-group-is-layout-444d5ee8 wp-block-group-is-layout-flex\" style=\"min-height:100%\">\n<p class=\"has-heading-font-family has-x-large-font-size\" style=\"line-height:1.2\">&#8221;St\u00e4der beh\u00f6ver anpassas f\u00f6r kraftiga skyfall&#8221;<\/p>\n\n\n\n<p>Sveriges radio P4 juli 2021<\/p>\n\n\n\n<p class=\"wp-container-content-9cfa9a5a\">Alla l\u00e4nets kommuner beh\u00f6ver planera st\u00e4derna s\u00e5 att skadorna minimeras vid extrema skyfall, som det i Tran\u00e5s i m\u00e5ndags. Det s\u00e4ger Frida Moberg <\/p>\n\n\n\n<div class=\"wp-block-group has-global-padding is-layout-constrained wp-block-group-is-layout-constrained\">\n<div class=\"wp-block-buttons is-layout-flex wp-block-buttons-is-layout-flex\">\n<div class=\"wp-block-button\"><a class=\"wp-block-button__link wp-element-button\" href=\"https:\/\/sverigesradio.se\/artikel\/stader-behover-anpassas-for-kraftiga-skyfall\">L\u00e4s mer<\/a><\/div>\n<\/div>\n<\/div>\n\n\n\n<p><\/p>\n<\/div>\n<\/div>\n\n\n\n<div class=\"wp-block-column is-vertically-aligned-center is-layout-flow wp-block-column-is-layout-flow\" style=\"flex-basis:50%\">\n<figure class=\"wp-block-image size-full is-style-rounded is-style-rounded--7\"><img loading=\"lazy\" decoding=\"async\" width=\"1111\" height=\"491\" src=\"http:\/\/klimatredo.se\/wp-content\/uploads\/2024\/03\/Skyfallskartering.png\" alt=\"\" class=\"wp-image-60\" style=\"aspect-ratio:3\/4;object-fit:cover\" srcset=\"https:\/\/klimatredo.se\/wp-content\/uploads\/2024\/03\/Skyfallskartering.png 1111w, https:\/\/klimatredo.se\/wp-content\/uploads\/2024\/03\/Skyfallskartering-300x133.png 300w, https:\/\/klimatredo.se\/wp-content\/uploads\/2024\/03\/Skyfallskartering-1024x453.png 1024w, https:\/\/klimatredo.se\/wp-content\/uploads\/2024\/03\/Skyfallskartering-768x339.png 768w\" sizes=\"auto, (max-width: 1111px) 100vw, 1111px\" \/><\/figure>\n<\/div>\n<\/div>\n<\/div>\n\n\n\n<div style=\"height:100px\" aria-hidden=\"true\" class=\"wp-block-spacer\"><\/div>\n\n\n\n<div class=\"wp-block-group alignfull has-accent-background-color has-background has-global-padding is-layout-constrained wp-container-core-group-is-layout-669513ed wp-block-group-is-layout-constrained\" style=\"margin-top:0;margin-bottom:0;padding-top:var(--wp--preset--spacing--50);padding-right:var(--wp--preset--spacing--50);padding-bottom:var(--wp--preset--spacing--50);padding-left:var(--wp--preset--spacing--50)\">\n<div class=\"wp-block-columns alignwide is-layout-flex wp-container-core-columns-is-layout-1da03c2a wp-block-columns-is-layout-flex\">\n<div class=\"wp-block-column is-vertically-aligned-stretch is-layout-flow wp-block-column-is-layout-flow\" style=\"flex-basis:50%\">\n<div class=\"wp-block-group is-vertical is-content-justification-stretch is-layout-flex wp-container-core-group-is-layout-444d5ee8 wp-block-group-is-layout-flex\" style=\"min-height:100%\">\n<p class=\"has-heading-font-family has-x-large-font-size\" style=\"line-height:1.2\">S\u00e5 beh\u00f6ver l\u00e4net klimatanpassas<\/p>\n\n\n\n<p>Sveriges Radio P4 J\u00f6nk\u00f6ping augusti 2023<\/p>\n\n\n\n<p>V\u00e4dret har st\u00e4llt till med flera olika problem under \u00e5ret i J\u00f6nk\u00f6pings l\u00e4n. Under senaste \u00e5ret har vi haft flera \u00f6versv\u00e4mningar, vattenbrist och torka. Nu l\u00e4gger l\u00e4nsstyrelsen fram en ny strategi f\u00f6r hur J\u00f6nk\u00f6pings l\u00e4n ska klimatanpassas.<\/p>\n\n\n\n<div class=\"wp-block-group has-global-padding is-layout-constrained wp-block-group-is-layout-constrained\">\n<div class=\"wp-block-buttons is-layout-flex wp-block-buttons-is-layout-flex\">\n<div class=\"wp-block-button\"><a class=\"wp-block-button__link wp-element-button\" href=\"https:\/\/sverigesradio.se\/artikel\/lansstyrelsen-tar-krafttag-sa-behover-lanet-klimatanpassas\">L\u00e4s mer<\/a><\/div>\n<\/div>\n<\/div>\n\n\n\n<p><\/p>\n<\/div>\n<\/div>\n\n\n\n<div class=\"wp-block-column is-vertically-aligned-center is-layout-flow wp-block-column-is-layout-flow\" style=\"flex-basis:50%\">\n<figure class=\"wp-block-image size-full is-style-rounded is-style-rounded--8\"><img loading=\"lazy\" decoding=\"async\" width=\"1024\" height=\"576\" src=\"https:\/\/klimatredo.se\/wp-content\/uploads\/2024\/05\/997927a5-28d3-43aa-91a2-96b56466ed7d.webp\" alt=\"\" class=\"wp-image-139\" style=\"aspect-ratio:3\/4;object-fit:contain\" srcset=\"https:\/\/klimatredo.se\/wp-content\/uploads\/2024\/05\/997927a5-28d3-43aa-91a2-96b56466ed7d.webp 1024w, https:\/\/klimatredo.se\/wp-content\/uploads\/2024\/05\/997927a5-28d3-43aa-91a2-96b56466ed7d-300x169.webp 300w, https:\/\/klimatredo.se\/wp-content\/uploads\/2024\/05\/997927a5-28d3-43aa-91a2-96b56466ed7d-768x432.webp 768w\" sizes=\"auto, (max-width: 1024px) 100vw, 1024px\" \/><\/figure>\n<\/div>\n<\/div>\n<\/div>\n\n\n\n<div style=\"height:100px\" aria-hidden=\"true\" class=\"wp-block-spacer\"><\/div>\n\n\n\n<div class=\"wp-block-group alignfull has-accent-5-background-color has-background has-global-padding is-layout-constrained wp-container-core-group-is-layout-d89aad35 wp-block-group-is-layout-constrained\" style=\"margin-top:0;margin-bottom:0;padding-top:var(--wp--preset--spacing--50);padding-right:var(--wp--preset--spacing--50);padding-bottom:var(--wp--preset--spacing--50);padding-left:var(--wp--preset--spacing--50)\">\n<div class=\"wp-block-columns alignwide is-layout-flex wp-container-core-columns-is-layout-1da03c2a wp-block-columns-is-layout-flex\">\n<div class=\"wp-block-column is-vertically-aligned-center is-layout-flow wp-block-column-is-layout-flow\" style=\"flex-basis:60%\">\n<figure class=\"wp-block-image size-full is-style-rounded wp-duotone-unset-10 is-style-rounded--9\"><img loading=\"lazy\" decoding=\"async\" width=\"1024\" height=\"576\" src=\"https:\/\/klimatredo.se\/wp-content\/uploads\/2024\/05\/bab657ee-f5fa-46b1-9308-7b9b6479c0c7-1.webp\" alt=\"\" class=\"wp-image-134\" style=\"aspect-ratio:4\/3;object-fit:cover\" srcset=\"https:\/\/klimatredo.se\/wp-content\/uploads\/2024\/05\/bab657ee-f5fa-46b1-9308-7b9b6479c0c7-1.webp 1024w, https:\/\/klimatredo.se\/wp-content\/uploads\/2024\/05\/bab657ee-f5fa-46b1-9308-7b9b6479c0c7-1-300x169.webp 300w, https:\/\/klimatredo.se\/wp-content\/uploads\/2024\/05\/bab657ee-f5fa-46b1-9308-7b9b6479c0c7-1-768x432.webp 768w\" sizes=\"auto, (max-width: 1024px) 100vw, 1024px\" \/><\/figure>\n<\/div>\n\n\n\n<div class=\"wp-block-column is-layout-flow wp-block-column-is-layout-flow\" style=\"flex-basis:40%\">\n<h2 class=\"wp-block-heading\">Rekordstort intresse f\u00f6r Klimatveckan<\/h2>\n\n\n\n<p>Sveriges radio P4 J\u00f6nk\u00f6ping, oktober 2021<\/p>\n\n\n\n<p>Klimatveckan i J\u00f6nk\u00f6pings l\u00e4n drar ig\u00e5ng under m\u00e5ndagen, och intresset i \u00e5r \u00e4r riktigt stort. Frida Moberg \u00e4r projektledare f\u00f6r klimatveckan, och ber\u00e4ttar hur hon m\u00e4rker det stora intresset:<\/p>\n\n\n\n<p>&#8221;Det \u00e4r j\u00e4ttem\u00e5nga anm\u00e4lda till aktiviteterna&#8221;, s\u00e4ger hon. <\/p>\n\n\n\n<div class=\"wp-block-buttons is-layout-flex wp-block-buttons-is-layout-flex\">\n<div class=\"wp-block-button\"><a class=\"wp-block-button__link wp-element-button\" href=\"https:\/\/sverigesradio.se\/artikel\/rekordstort-intresse-for-klimatveckan\">L\u00e4s mer<\/a><\/div>\n<\/div>\n<\/div>\n<\/div>\n<\/div>\n\n\n\n<div style=\"height:100px\" aria-hidden=\"true\" class=\"wp-block-spacer\"><\/div>\n\n\n\n<div class=\"wp-block-group alignfull has-accent-background-color has-background has-global-padding is-layout-constrained wp-container-core-group-is-layout-669513ed wp-block-group-is-layout-constrained\" style=\"margin-top:0;margin-bottom:0;padding-top:var(--wp--preset--spacing--50);padding-right:var(--wp--preset--spacing--50);padding-bottom:var(--wp--preset--spacing--50);padding-left:var(--wp--preset--spacing--50)\">\n<div class=\"wp-block-columns alignwide is-layout-flex wp-container-core-columns-is-layout-1da03c2a wp-block-columns-is-layout-flex\">\n<div class=\"wp-block-column is-vertically-aligned-stretch is-layout-flow wp-block-column-is-layout-flow\" style=\"flex-basis:50%\">\n<div class=\"wp-block-group is-vertical is-content-justification-stretch is-layout-flex wp-container-core-group-is-layout-444d5ee8 wp-block-group-is-layout-flex\" style=\"min-height:100%\">\n<p class=\"has-heading-font-family has-x-large-font-size\" style=\"line-height:1.2\">S\u00e5 v\u00e4ntas klimatet f\u00f6r\u00e4ndras<\/p>\n\n\n\n<p>Sveriges radio P4 J\u00f6nk\u00f6ping, dec 2016<\/p>\n\n\n\n<p>\u2013 Det vi ser i \u00e5r \u00e4r att det har varit torrare \u00e4n normalt och det har varit ett varmare \u00e5r \u00e4n det har brukat vara, s\u00e4ger Frida Moberg. <\/p>\n\n\n\n<div class=\"wp-block-group has-global-padding is-layout-constrained wp-block-group-is-layout-constrained\">\n<div class=\"wp-block-buttons is-layout-flex wp-block-buttons-is-layout-flex\">\n<div class=\"wp-block-button\"><a class=\"wp-block-button__link wp-element-button\" href=\"https:\/\/sverigesradio.se\/artikel\/6597481\">L\u00e4s mer<\/a><\/div>\n<\/div>\n<\/div>\n\n\n\n<p><\/p>\n<\/div>\n<\/div>\n\n\n\n<div class=\"wp-block-column is-vertically-aligned-center is-layout-flow wp-block-column-is-layout-flow\" style=\"flex-basis:50%\">\n<figure class=\"wp-block-image size-full is-style-rounded is-style-rounded--11\"><img loading=\"lazy\" decoding=\"async\" width=\"1024\" height=\"576\" src=\"https:\/\/klimatredo.se\/wp-content\/uploads\/2024\/05\/d7559834-d28a-4848-ae07-0d73f4d78fbb.webp\" alt=\"\" class=\"wp-image-132\" style=\"aspect-ratio:3\/4;object-fit:cover\" srcset=\"https:\/\/klimatredo.se\/wp-content\/uploads\/2024\/05\/d7559834-d28a-4848-ae07-0d73f4d78fbb.webp 1024w, https:\/\/klimatredo.se\/wp-content\/uploads\/2024\/05\/d7559834-d28a-4848-ae07-0d73f4d78fbb-300x169.webp 300w, https:\/\/klimatredo.se\/wp-content\/uploads\/2024\/05\/d7559834-d28a-4848-ae07-0d73f4d78fbb-768x432.webp 768w\" sizes=\"auto, (max-width: 1024px) 100vw, 1024px\" \/><\/figure>\n<\/div>\n<\/div>\n<\/div>\n\n\n\n<div style=\"height:100px\" aria-hidden=\"true\" class=\"wp-block-spacer\"><\/div>\n\n\n\n<div class=\"wp-block-group alignfull has-global-padding is-layout-constrained wp-container-core-group-is-layout-d89aad35 wp-block-group-is-layout-constrained\" style=\"margin-top:0;margin-bottom:0;padding-top:var(--wp--preset--spacing--50);padding-right:var(--wp--preset--spacing--50);padding-bottom:var(--wp--preset--spacing--50);padding-left:var(--wp--preset--spacing--50)\"><\/div>\n","protected":false},"excerpt":{"rendered":"<p>Genom \u00e5ren har jag varit i media m\u00e5nga g\u00e5nger. H\u00e4r f\u00e5r du ett axplock. Klimatexperten: Att t\u00f6mma V\u00e4ttern p\u00e5 vatten \u00e4r inte hela l\u00f6sningen Sveriges Radio P4 J\u00f6nk\u00f6ping maj 2024 \u2013Men det \u00e4r inte hela l\u00f6sningen. Ist\u00e4llet beh\u00f6vs en hel palett av \u00e5tg\u00e4rder., menar Frida Moberg, tidigare klimatanpassningssamordnare p\u00e5 l\u00e4nsstyrelsen. Fem experter: S\u00e5 \u00e4r livet [&hellip;]<\/p>\n","protected":false},"author":1,"featured_media":0,"parent":0,"menu_order":0,"comment_status":"closed","ping_status":"closed","template":"","meta":{"footnotes":""},"class_list":["post-131","page","type-page","status-publish","hentry"],"jetpack_sharing_enabled":true,"_links":{"self":[{"href":"https:\/\/klimatredo.se\/index.php\/wp-json\/wp\/v2\/pages\/131","targetHints":{"allow":["GET"]}}],"collection":[{"href":"https:\/\/klimatredo.se\/index.php\/wp-json\/wp\/v2\/pages"}],"about":[{"href":"https:\/\/klimatredo.se\/index.php\/wp-json\/wp\/v2\/types\/page"}],"author":[{"embeddable":true,"href":"https:\/\/klimatredo.se\/index.php\/wp-json\/wp\/v2\/users\/1"}],"replies":[{"embeddable":true,"href":"https:\/\/klimatredo.se\/index.php\/wp-json\/wp\/v2\/comments?post=131"}],"version-history":[{"count":1,"href":"https:\/\/klimatredo.se\/index.php\/wp-json\/wp\/v2\/pages\/131\/revisions"}],"predecessor-version":[{"id":140,"href":"https:\/\/klimatredo.se\/index.php\/wp-json\/wp\/v2\/pages\/131\/revisions\/140"}],"wp:attachment":[{"href":"https:\/\/klimatredo.se\/index.php\/wp-json\/wp\/v2\/media?parent=131"}],"curies":[{"name":"wp","href":"https:\/\/api.w.org\/{rel}","templated":true}]}}