{"id":13,"date":"2024-03-24T12:46:38","date_gmt":"2024-03-24T11:46:38","guid":{"rendered":"http:\/\/klimatredo.se\/?page_id=13"},"modified":"2024-05-31T12:18:55","modified_gmt":"2024-05-31T10:18:55","slug":"mina-tjanster","status":"publish","type":"page","link":"https:\/\/klimatredo.se\/index.php\/mina-tjanster\/","title":{"rendered":"Mina tj\u00e4nster"},"content":{"rendered":"\n<div class=\"wp-block-group alignfull has-accent-4-background-color has-background has-global-padding is-layout-constrained wp-container-core-group-is-layout-d89aad35 wp-block-group-is-layout-constrained\" style=\"margin-top:0;margin-bottom:0;padding-top:var(--wp--preset--spacing--50);padding-right:var(--wp--preset--spacing--50);padding-bottom:var(--wp--preset--spacing--50);padding-left:var(--wp--preset--spacing--50)\">\n<div class=\"wp-block-columns alignwide is-layout-flex wp-container-core-columns-is-layout-1da03c2a wp-block-columns-is-layout-flex\">\n<div class=\"wp-block-column is-vertically-aligned-center is-layout-flow wp-block-column-is-layout-flow\" style=\"flex-basis:60%\">\n<figure class=\"wp-block-image size-full is-style-rounded wp-duotone-unset-2 is-style-rounded--1\"><img loading=\"lazy\" decoding=\"async\" width=\"470\" height=\"351\" src=\"http:\/\/klimatredo.se\/wp-content\/uploads\/2024\/03\/Massvagen-e1711371905518.jpg\" alt=\"\" class=\"wp-image-61\" style=\"aspect-ratio:4\/3;object-fit:cover\" srcset=\"https:\/\/klimatredo.se\/wp-content\/uploads\/2024\/03\/Massvagen-e1711371905518.jpg 470w, https:\/\/klimatredo.se\/wp-content\/uploads\/2024\/03\/Massvagen-e1711371905518-300x224.jpg 300w\" sizes=\"auto, (max-width: 470px) 100vw, 470px\" \/><\/figure>\n<\/div>\n\n\n\n<div class=\"wp-block-column is-layout-flow wp-block-column-is-layout-flow\" style=\"flex-basis:40%\">\n<h2 class=\"wp-block-heading\">Jag erbjuder inspirationsf\u00f6rel\u00e4sningar, utbildningar och kapacitetsbyggande.<\/h2>\n\n\n\n<p class=\"wp-container-content-9cfa9a5a\"><\/p>\n\n\n\n<p class=\"wp-container-content-9cfa9a5a\">Att g\u00e5 fr\u00e5n r\u00e4dd till beredd f\u00f6r klimatf\u00f6r\u00e4ndringen handlar om en sak. Sista raden i ekonomirapporten. H\u00e4r och nu, men ocks\u00e5 l\u00e5ngsiktigt.<\/p>\n\n\n\n<p>Min metod g\u00f6r det. Tillsammans g\u00f6r vi er klimatredo! <\/p>\n<\/div>\n<\/div>\n<\/div>\n\n\n\n<div class=\"wp-block-group alignfull has-base-background-color has-background has-global-padding is-layout-constrained wp-container-core-group-is-layout-6da4bc11 wp-block-group-is-layout-constrained\" style=\"margin-top:0;margin-bottom:0;padding-top:var(--wp--preset--spacing--50);padding-right:var(--wp--preset--spacing--50);padding-bottom:var(--wp--preset--spacing--50);padding-left:var(--wp--preset--spacing--50)\">\n<div class=\"wp-block-columns alignwide is-layout-flex wp-container-core-columns-is-layout-549b0c86 wp-block-columns-is-layout-flex\">\n<div class=\"wp-block-column is-layout-flow wp-container-core-column-is-layout-119bc444 wp-block-column-is-layout-flow\" style=\"flex-basis:100%\">\n<p class=\"has-text-align-center has-heading-font-family has-x-large-font-size\" style=\"line-height:1.2\"><\/p>\n\n\n\n<div class=\"wp-block-columns is-layout-flex wp-container-core-columns-is-layout-87beb0d0 wp-block-columns-is-layout-flex\">\n<div class=\"wp-block-column is-layout-flow wp-block-column-is-layout-flow\">\n<p class=\"has-large-font-size\">Inpirationsf\u00f6rel\u00e4sningar<\/p>\n\n\n\n<p>Detta \u00e4r min mest efterfr\u00e5gade och popul\u00e4ra tj\u00e4nst. Mitt m\u00e5l \u00e4r att engagera, ber\u00f6ra och inspirera dig som lyssnar. <\/p>\n\n\n\n<p>Mina tre mest efterfr\u00e5gade inspirationsf\u00f6rel\u00e4sningar \u00e4r:<br><mark style=\"background-color:rgba(0, 0, 0, 0)\" class=\"has-inline-color has-contrast-color\">&#8211; &#8221;S\u00e5h\u00e4r blir klimatet i J\u00f6nk\u00f6pings l\u00e4n&#8221;<br>&#8211; &#8221;G\u00e5 fr\u00e5n r\u00e4dd till beredd- 10 saker du kan g\u00f6ra&#8221;<br>&#8211; &#8221;S\u00e5h\u00e4r skapar vi konkurrenskraftiga f\u00f6retag- Anv\u00e4nd klimatrisken som en resurs!&#8221;<\/mark><\/p>\n\n\n\n<figure class=\"wp-block-image size-large\"><img loading=\"lazy\" decoding=\"async\" width=\"1024\" height=\"771\" src=\"http:\/\/klimatredo.se\/wp-content\/uploads\/2024\/05\/PXL_20240523_072218319-1024x771.jpg\" alt=\"\" class=\"wp-image-145\" srcset=\"https:\/\/klimatredo.se\/wp-content\/uploads\/2024\/05\/PXL_20240523_072218319-1024x771.jpg 1024w, https:\/\/klimatredo.se\/wp-content\/uploads\/2024\/05\/PXL_20240523_072218319-300x226.jpg 300w, https:\/\/klimatredo.se\/wp-content\/uploads\/2024\/05\/PXL_20240523_072218319-768x578.jpg 768w, https:\/\/klimatredo.se\/wp-content\/uploads\/2024\/05\/PXL_20240523_072218319-1536x1157.jpg 1536w, https:\/\/klimatredo.se\/wp-content\/uploads\/2024\/05\/PXL_20240523_072218319-2048x1542.jpg 2048w\" sizes=\"auto, (max-width: 1024px) 100vw, 1024px\" \/><\/figure>\n\n\n\n<p><\/p>\n<\/div>\n<\/div>\n<\/div>\n<\/div>\n<\/div>\n\n\n\n<div class=\"wp-block-group alignfull has-background has-global-padding is-layout-constrained wp-container-core-group-is-layout-669513ed wp-block-group-is-layout-constrained\" style=\"background-color:#91c7e9;margin-top:0;margin-bottom:0;padding-top:var(--wp--preset--spacing--50);padding-right:var(--wp--preset--spacing--50);padding-bottom:var(--wp--preset--spacing--50);padding-left:var(--wp--preset--spacing--50)\">\n<div class=\"wp-block-columns alignwide is-layout-flex wp-container-core-columns-is-layout-1da03c2a wp-block-columns-is-layout-flex\">\n<div class=\"wp-block-column is-vertically-aligned-stretch is-layout-flow wp-block-column-is-layout-flow\" style=\"flex-basis:50%\">\n<div class=\"wp-block-group has-global-padding is-layout-constrained wp-block-group-is-layout-constrained\" style=\"min-height:100%\">\n<h2 class=\"wp-block-heading has-x-large-font-size\"><br>Analyser<br><\/h2>\n\n\n\n<ul class=\"wp-block-list\">\n<li>Klimatanpassningsplaner<\/li>\n\n\n\n<li>Klimat- och s\u00e5rbarhetsanalyser <\/li>\n\n\n\n<li>Klimatriskanalyser bland annat Milj\u00f6byggnad Guld indikator 10<\/li>\n<\/ul>\n\n\n\n<h2 class=\"wp-block-heading has-text-align-center has-x-large-font-size\"><\/h2>\n<\/div>\n<\/div>\n\n\n\n<div class=\"wp-block-column is-vertically-aligned-center is-layout-flow wp-block-column-is-layout-flow\" style=\"flex-basis:50%\">\n<figure class=\"wp-block-image size-large is-style-rounded is-style-rounded--3\"><img loading=\"lazy\" decoding=\"async\" width=\"1024\" height=\"453\" src=\"http:\/\/klimatredo.se\/wp-content\/uploads\/2024\/03\/Skyfallskartering-1024x453.png\" alt=\"\" class=\"wp-image-60\" style=\"aspect-ratio:3\/4;object-fit:cover\" srcset=\"https:\/\/klimatredo.se\/wp-content\/uploads\/2024\/03\/Skyfallskartering-1024x453.png 1024w, https:\/\/klimatredo.se\/wp-content\/uploads\/2024\/03\/Skyfallskartering-300x133.png 300w, https:\/\/klimatredo.se\/wp-content\/uploads\/2024\/03\/Skyfallskartering-768x339.png 768w, https:\/\/klimatredo.se\/wp-content\/uploads\/2024\/03\/Skyfallskartering.png 1111w\" sizes=\"auto, (max-width: 1024px) 100vw, 1024px\" \/><\/figure>\n<\/div>\n<\/div>\n<\/div>\n\n\n\n<div class=\"wp-block-group alignfull has-base-background-color has-background has-global-padding is-layout-constrained wp-container-core-group-is-layout-6da4bc11 wp-block-group-is-layout-constrained\" style=\"margin-top:0;margin-bottom:0;padding-top:var(--wp--preset--spacing--50);padding-right:var(--wp--preset--spacing--50);padding-bottom:var(--wp--preset--spacing--50);padding-left:var(--wp--preset--spacing--50)\">\n<div class=\"wp-block-columns alignwide is-layout-flex wp-container-core-columns-is-layout-549b0c86 wp-block-columns-is-layout-flex\">\n<div class=\"wp-block-column is-layout-flow wp-container-core-column-is-layout-119bc444 wp-block-column-is-layout-flow\" style=\"flex-basis:100%\">\n<p class=\"has-text-align-center has-heading-font-family has-x-large-font-size\" style=\"line-height:1.2\"><\/p>\n\n\n\n<div class=\"wp-block-columns is-layout-flex wp-container-core-columns-is-layout-87beb0d0 wp-block-columns-is-layout-flex\">\n<div class=\"wp-block-column is-layout-flow wp-block-column-is-layout-flow\">\n<p class=\"has-large-font-size\">Kurser<\/p>\n\n\n\n<ul class=\"wp-block-list\">\n<li>S\u00e5h\u00e4r g\u00f6r ni en klimatanpassningsplan<\/li>\n\n\n\n<li>S\u00e5h\u00e4r g\u00f6r ni en klimatriskbed\u00f6mning<\/li>\n\n\n\n<li>Studiecirklar f\u00f6r ett systematiskt klimatanpassningsarbete<\/li>\n<\/ul>\n<\/div>\n<\/div>\n<\/div>\n<\/div>\n<\/div>\n\n\n\n<div class=\"wp-block-group alignfull has-background has-global-padding is-layout-constrained wp-container-core-group-is-layout-6da4bc11 wp-block-group-is-layout-constrained\" style=\"background-color:#91c7e9;margin-top:0;margin-bottom:0;padding-top:var(--wp--preset--spacing--50);padding-right:var(--wp--preset--spacing--50);padding-bottom:var(--wp--preset--spacing--50);padding-left:var(--wp--preset--spacing--50)\">\n<div class=\"wp-block-columns alignwide is-layout-flex wp-container-core-columns-is-layout-549b0c86 wp-block-columns-is-layout-flex\">\n<div class=\"wp-block-column is-layout-flow wp-container-core-column-is-layout-119bc444 wp-block-column-is-layout-flow\" style=\"flex-basis:100%\">\n<p class=\"has-text-align-center has-heading-font-family has-x-large-font-size\" style=\"line-height:1.2\"><\/p>\n\n\n\n<div class=\"wp-block-columns is-layout-flex wp-container-core-columns-is-layout-87beb0d0 wp-block-columns-is-layout-flex\">\n<div class=\"wp-block-column is-layout-flow wp-block-column-is-layout-flow\">\n<p class=\"has-large-font-size\">Coachning<\/p>\n\n\n\n<p>F\u00f6r enskilda medarbetare och grupper<\/p>\n<\/div>\n<\/div>\n<\/div>\n<\/div>\n<\/div>\n\n\n\n<div class=\"wp-block-group alignfull has-base-background-color has-background has-global-padding is-layout-constrained wp-container-core-group-is-layout-d89aad35 wp-block-group-is-layout-constrained\" style=\"margin-top:0;margin-bottom:0;padding-top:var(--wp--preset--spacing--50);padding-right:var(--wp--preset--spacing--50);padding-bottom:var(--wp--preset--spacing--50);padding-left:var(--wp--preset--spacing--50)\">\n<div class=\"wp-block-columns alignwide is-layout-flex wp-container-core-columns-is-layout-1da03c2a wp-block-columns-is-layout-flex\">\n<div class=\"wp-block-column is-vertically-aligned-center is-layout-flow wp-block-column-is-layout-flow\" style=\"flex-basis:60%\">\n<figure class=\"wp-block-image size-full is-style-rounded wp-duotone-unset-5 is-style-rounded--4\"><img loading=\"lazy\" decoding=\"async\" width=\"470\" height=\"351\" src=\"http:\/\/klimatredo.se\/wp-content\/uploads\/2024\/03\/Massvagen-e1711371905518.jpg\" alt=\"\" class=\"wp-image-61\" style=\"aspect-ratio:4\/3;object-fit:cover\" srcset=\"https:\/\/klimatredo.se\/wp-content\/uploads\/2024\/03\/Massvagen-e1711371905518.jpg 470w, https:\/\/klimatredo.se\/wp-content\/uploads\/2024\/03\/Massvagen-e1711371905518-300x224.jpg 300w\" sizes=\"auto, (max-width: 470px) 100vw, 470px\" \/><\/figure>\n<\/div>\n\n\n\n<div class=\"wp-block-column is-layout-flow wp-block-column-is-layout-flow\" style=\"flex-basis:40%\">\n<h2 class=\"wp-block-heading\">Min metod i korthet<\/h2>\n\n\n\n<p class=\"wp-container-content-9cfa9a5a\"><\/p>\n\n\n\n<ul class=\"wp-block-list\">\n<li>Tar h\u00e4nsyn till rekommendationer fr\u00e5n EU, nationella och regionala metodst\u00f6d och riktlinjer samt ISO-standarder f\u00f6r klimatanpassning. <\/li>\n\n\n\n<li>Hitta samverkansl\u00f6sningar<\/li>\n\n\n\n<li>Det som \u00e4r ett problem f\u00f6r den ena kan vara en l\u00f6sning f\u00f6r den andra <\/li>\n\n\n\n<li>Vi alla har v\u00e4rdefulla pusselbitar som bara vntar p\u00e5 att l\u00e4ggas ihop. Det \u00e4r p\u00e5 hela pusslets bild vi ska agera. Inte p\u00e5 enskilda pusselbitar.<\/li>\n<\/ul>\n\n\n\n<p class=\"wp-container-content-9cfa9a5a\"><\/p>\n<\/div>\n<\/div>\n<\/div>\n\n\n\n<div class=\"wp-block-group alignfull has-background has-global-padding is-layout-constrained wp-container-core-group-is-layout-669513ed wp-block-group-is-layout-constrained\" style=\"background-color:#91c7e9;margin-top:0;margin-bottom:0;padding-top:var(--wp--preset--spacing--50);padding-right:var(--wp--preset--spacing--50);padding-bottom:var(--wp--preset--spacing--50);padding-left:var(--wp--preset--spacing--50)\">\n<div class=\"wp-block-group is-vertical is-content-justification-center is-layout-flex wp-container-core-group-is-layout-ce155fab wp-block-group-is-layout-flex\">\n<h2 class=\"wp-block-heading has-text-align-center has-xx-large-font-size\">Kontakta mig!<\/h2>\n\n\n\n<p class=\"has-text-align-center\">Tillsammans formar vi er process.<\/p>\n<\/div>\n\n\n\n<div style=\"height:var(--wp--preset--spacing--30)\" aria-hidden=\"true\" class=\"wp-block-spacer\"><\/div>\n\n\n\n<div class=\"wp-block-columns alignwide is-layout-flex wp-container-core-columns-is-layout-4935966c wp-block-columns-is-layout-flex\" style=\"padding-right:0;padding-left:0\">\n<div class=\"wp-block-column is-layout-flow wp-block-column-is-layout-flow\">\n<figure class=\"wp-block-image aligncenter size-full is-resized is-style-rounded is-style-rounded--6\"><img loading=\"lazy\" decoding=\"async\" width=\"1920\" height=\"2560\" src=\"http:\/\/klimatredo.se\/wp-content\/uploads\/2024\/03\/portratt-scaled.jpg\" alt=\"\" class=\"wp-image-81\" style=\"aspect-ratio:1;object-fit:cover;width:550px\" srcset=\"https:\/\/klimatredo.se\/wp-content\/uploads\/2024\/03\/portratt-scaled.jpg 1920w, https:\/\/klimatredo.se\/wp-content\/uploads\/2024\/03\/portratt-225x300.jpg 225w, https:\/\/klimatredo.se\/wp-content\/uploads\/2024\/03\/portratt-768x1024.jpg 768w, https:\/\/klimatredo.se\/wp-content\/uploads\/2024\/03\/portratt-1152x1536.jpg 1152w, https:\/\/klimatredo.se\/wp-content\/uploads\/2024\/03\/portratt-1536x2048.jpg 1536w\" sizes=\"auto, (max-width: 1920px) 100vw, 1920px\" \/><\/figure>\n\n\n\n<div class=\"wp-block-group is-vertical is-content-justification-center is-nowrap is-layout-flex wp-container-core-group-is-layout-21d4e958 wp-block-group-is-layout-flex\">\n<p class=\"has-text-align-center has-small-font-size\"> <strong>Frida Moberg<\/strong> <\/p>\n\n\n\n<p class=\"has-text-align-center has-small-font-size\">klimatredo@gmail.com<\/p>\n<\/div>\n<\/div>\n<\/div>\n<\/div>\n\n\n\n<div class=\"wp-block-group alignfull has-global-padding is-layout-constrained wp-container-core-group-is-layout-d89aad35 wp-block-group-is-layout-constrained\" style=\"margin-top:0;margin-bottom:0;padding-top:var(--wp--preset--spacing--50);padding-right:var(--wp--preset--spacing--50);padding-bottom:var(--wp--preset--spacing--50);padding-left:var(--wp--preset--spacing--50)\">\n<div class=\"wp-block-group alignwide has-base-2-background-color has-background is-layout-flow wp-block-group-is-layout-flow\" style=\"border-radius:16px;padding-top:var(--wp--preset--spacing--50);padding-right:var(--wp--preset--spacing--50);padding-bottom:var(--wp--preset--spacing--50);padding-left:var(--wp--preset--spacing--50)\">\n<p class=\"has-text-align-center\">We\u2019ve worked with some of the best companies.<\/p>\n\n\n\n<div style=\"height:var(--wp--preset--spacing--10)\" aria-hidden=\"true\" class=\"wp-block-spacer\"><\/div>\n\n\n\n<div class=\"wp-block-group alignwide is-content-justification-center is-layout-flex wp-container-core-group-is-layout-f95ffa09 wp-block-group-is-layout-flex\" style=\"padding-top:0;padding-right:0;padding-bottom:0;padding-left:0\">\n\n\n\n\n\n\n\n<\/div>\n<\/div>\n<\/div>\n","protected":false},"excerpt":{"rendered":"<p>Jag erbjuder inspirationsf\u00f6rel\u00e4sningar, utbildningar och kapacitetsbyggande. Att g\u00e5 fr\u00e5n r\u00e4dd till beredd f\u00f6r klimatf\u00f6r\u00e4ndringen handlar om en sak. Sista raden i ekonomirapporten. H\u00e4r och nu, men ocks\u00e5 l\u00e5ngsiktigt. Min metod g\u00f6r det. Tillsammans g\u00f6r vi er klimatredo! Inpirationsf\u00f6rel\u00e4sningar Detta \u00e4r min mest efterfr\u00e5gade och popul\u00e4ra tj\u00e4nst. Mitt m\u00e5l \u00e4r att engagera, ber\u00f6ra och inspirera dig [&hellip;]<\/p>\n","protected":false},"author":1,"featured_media":0,"parent":0,"menu_order":0,"comment_status":"closed","ping_status":"closed","template":"","meta":{"footnotes":""},"class_list":["post-13","page","type-page","status-publish","hentry"],"jetpack_sharing_enabled":true,"_links":{"self":[{"href":"https:\/\/klimatredo.se\/index.php\/wp-json\/wp\/v2\/pages\/13","targetHints":{"allow":["GET"]}}],"collection":[{"href":"https:\/\/klimatredo.se\/index.php\/wp-json\/wp\/v2\/pages"}],"about":[{"href":"https:\/\/klimatredo.se\/index.php\/wp-json\/wp\/v2\/types\/page"}],"author":[{"embeddable":true,"href":"https:\/\/klimatredo.se\/index.php\/wp-json\/wp\/v2\/users\/1"}],"replies":[{"embeddable":true,"href":"https:\/\/klimatredo.se\/index.php\/wp-json\/wp\/v2\/comments?post=13"}],"version-history":[{"count":25,"href":"https:\/\/klimatredo.se\/index.php\/wp-json\/wp\/v2\/pages\/13\/revisions"}],"predecessor-version":[{"id":151,"href":"https:\/\/klimatredo.se\/index.php\/wp-json\/wp\/v2\/pages\/13\/revisions\/151"}],"wp:attachment":[{"href":"https:\/\/klimatredo.se\/index.php\/wp-json\/wp\/v2\/media?parent=13"}],"curies":[{"name":"wp","href":"https:\/\/api.w.org\/{rel}","templated":true}]}}